{"id":64,"date":"2024-03-05T14:58:56","date_gmt":"2024-03-05T13:58:56","guid":{"rendered":"https:\/\/ceart.fr\/?page_id=64"},"modified":"2025-09-23T15:40:50","modified_gmt":"2025-09-23T13:40:50","slug":"qui-sommes-nous","status":"publish","type":"page","link":"https:\/\/ceart.fr\/index.php\/qui-sommes-nous\/","title":{"rendered":"qui sommes nous ?"},"content":{"rendered":"\n<p>Notre petite \u00e9quipe est ouverte \u00e0 tous, elle compte sur le soutien des paroissiens, des amis de Notre Dame d\u2019Esp\u00e9rance et des b\u00e9n\u00e9voles pour mettre en \u0153uvre un programme \u00e9clectique, s\u00e9duisant, g\u00e9n\u00e9reux.<\/p>\n\n\n\n<p>Vous souhaitez nous rejoindre pour la prochaine saison culturelle ? <\/p>\n\n\n\n<p><\/p>\n","protected":false},"excerpt":{"rendered":"<p>Notre petite \u00e9quipe est ouverte \u00e0 tous, elle compte sur le soutien des paroissiens, des amis de Notre Dame d\u2019Esp\u00e9rance et des b\u00e9n\u00e9voles pour mettre en \u0153uvre un programme \u00e9clectique, s\u00e9duisant, g\u00e9n\u00e9reux. Vous souhaitez nous rejoindre pour la prochaine saison culturelle ?<\/p>\n","protected":false},"author":1,"featured_media":0,"parent":0,"menu_order":0,"comment_status":"closed","ping_status":"closed","template":"","meta":{"footnotes":""},"class_list":["post-64","page","type-page","status-publish","hentry"],"_links":{"self":[{"href":"https:\/\/ceart.fr\/index.php\/wp-json\/wp\/v2\/pages\/64","targetHints":{"allow":["GET"]}}],"collection":[{"href":"https:\/\/ceart.fr\/index.php\/wp-json\/wp\/v2\/pages"}],"about":[{"href":"https:\/\/ceart.fr\/index.php\/wp-json\/wp\/v2\/types\/page"}],"author":[{"embeddable":true,"href":"https:\/\/ceart.fr\/index.php\/wp-json\/wp\/v2\/users\/1"}],"replies":[{"embeddable":true,"href":"https:\/\/ceart.fr\/index.php\/wp-json\/wp\/v2\/comments?post=64"}],"version-history":[{"count":2,"href":"https:\/\/ceart.fr\/index.php\/wp-json\/wp\/v2\/pages\/64\/revisions"}],"predecessor-version":[{"id":295,"href":"https:\/\/ceart.fr\/index.php\/wp-json\/wp\/v2\/pages\/64\/revisions\/295"}],"wp:attachment":[{"href":"https:\/\/ceart.fr\/index.php\/wp-json\/wp\/v2\/media?parent=64"}],"curies":[{"name":"wp","href":"https:\/\/api.w.org\/{rel}","templated":true}]}}