{"id":33,"date":"2024-03-04T15:39:39","date_gmt":"2024-03-04T14:39:39","guid":{"rendered":"https:\/\/ceart.fr\/?page_id=33"},"modified":"2024-05-27T15:16:07","modified_gmt":"2024-05-27T13:16:07","slug":"ceart","status":"publish","type":"page","link":"https:\/\/ceart.fr\/index.php\/ceart\/","title":{"rendered":"CEArt"},"content":{"rendered":"\n<p><\/p>\n\n\n\n<p><\/p>\n\n\n\n<p><\/p>\n\n\n\n<p>L\u2019association CEART de loi 1901, n\u00e9e sous l\u2019impulsion de Jean Lavergnat lors de l\u2019\u00e9dification de la nouvelle \u00e9glise Notre Dame d\u2019Esp\u00e9rance (47 rue de la Roquette, 75011, Bruno Legrand architecte, 1997), organise chaque ann\u00e9e des concerts, spectacles et expositions gratuits dans la nef moderne et lumineuse qui peut accueillir jusqu\u2019\u00e0 250 spectateurs.<\/p>\n\n\n\n<p>Le principe est une programmation de qualit\u00e9, diversifi\u00e9e, sans dimension sp\u00e9cifiquement religieuse. D\u2019une fois sur l\u2019autre, on peut entendre un r\u00e9pertoire classique ou des chansons de vari\u00e9t\u00e9, des concerts de musique, des ch\u0153urs chantant a capella ou avec un accompagnement \u00e0 l\u2019orgue ou sur des instruments de musique lou\u00e9s pour l\u2019occasion ou apport\u00e9s par les musiciens.<\/p>\n\n\n\n<p>Les manifestations sont gratuites, la libre participation des spectateurs permet de d\u00e9frayer les artistes de menus frais, sans qu\u2019il y ait de cachets \u00e0 proprement dit, et, selon les circonstances, de contribuer \u00e9ventuellement \u00e0 des causes associatives \u00e0 int\u00e9r\u00eat humain ou social. Et l\u2019association, dirig\u00e9e par un conseil d\u2019administration, a \u00e9t\u00e9 reconnue d\u2019int\u00e9r\u00eat g\u00e9n\u00e9ral ce qui permet aux donateurs de b\u00e9n\u00e9ficier d\u2019avantages fiscaux.<\/p>\n\n\n\n<p>Le public est m\u00e9lang\u00e9, il vient en grande partie du quartier Roquette Bastille, et est attach\u00e9 \u00e0 la qualit\u00e9 comme \u00e0 la diversit\u00e9 des manifestations.<\/p>\n\n\n\n<p>L\u2019acoustique est de qualit\u00e9&nbsp;; l\u2019usage du syst\u00e8me de sonorisation install\u00e9 dans les lieux est possible en cas de besoin.&nbsp;Les spectacles et concerts durent environ 1 heure sans entracte et ont lieu un dimanche par mois \u00e0 17h, d\u2019octobre \u00e0 juin. Les r\u00e9p\u00e9titions sont possibles, le jour m\u00eame d\u00e8s 14h (avant \u00e9ventuellement si besoin). Des coulisses sont \u00e0 disposition le temps des r\u00e9p\u00e9titions et du concert.<\/p>\n\n\n\n<p>L\u2019emplacement au c\u0153ur de Paris, pr\u00e8s de l\u2019Op\u00e9ra Bastille, l\u2019architecture accueillante du lieu, l\u2019esprit tr\u00e8s vivant du quartier s\u2019ajoutent \u00e0 l\u2019\u00e9clectisme de la programmation pour faire de ce lieu le rendez vous d\u2019artistes de qualit\u00e9 et d\u2019un public divers, heureux de faire des d\u00e9couvertes et de partager des moments d\u2019\u00e9motion et de joie.<\/p>\n","protected":false},"excerpt":{"rendered":"<p>L\u2019association CEART de loi 1901, n\u00e9e sous l\u2019impulsion de Jean Lavergnat lors de l\u2019\u00e9dification de la nouvelle \u00e9glise Notre Dame d\u2019Esp\u00e9rance (47 rue de la Roquette, 75011, Bruno Legrand architecte, 1997), organise chaque ann\u00e9e des concerts, spectacles et expositions gratuits dans la nef moderne et lumineuse qui peut accueillir jusqu\u2019\u00e0 250 spectateurs. Le principe est&#8230;<\/p>\n","protected":false},"author":1,"featured_media":0,"parent":0,"menu_order":0,"comment_status":"closed","ping_status":"closed","template":"","meta":{"footnotes":""},"class_list":["post-33","page","type-page","status-publish","hentry"],"_links":{"self":[{"href":"https:\/\/ceart.fr\/index.php\/wp-json\/wp\/v2\/pages\/33","targetHints":{"allow":["GET"]}}],"collection":[{"href":"https:\/\/ceart.fr\/index.php\/wp-json\/wp\/v2\/pages"}],"about":[{"href":"https:\/\/ceart.fr\/index.php\/wp-json\/wp\/v2\/types\/page"}],"author":[{"embeddable":true,"href":"https:\/\/ceart.fr\/index.php\/wp-json\/wp\/v2\/users\/1"}],"replies":[{"embeddable":true,"href":"https:\/\/ceart.fr\/index.php\/wp-json\/wp\/v2\/comments?post=33"}],"version-history":[{"count":4,"href":"https:\/\/ceart.fr\/index.php\/wp-json\/wp\/v2\/pages\/33\/revisions"}],"predecessor-version":[{"id":141,"href":"https:\/\/ceart.fr\/index.php\/wp-json\/wp\/v2\/pages\/33\/revisions\/141"}],"wp:attachment":[{"href":"https:\/\/ceart.fr\/index.php\/wp-json\/wp\/v2\/media?parent=33"}],"curies":[{"name":"wp","href":"https:\/\/api.w.org\/{rel}","templated":true}]}}